{"id":7184,"date":"2024-09-17T08:22:49","date_gmt":"2024-09-17T06:22:49","guid":{"rendered":"https:\/\/skischule-kahlerasten.de\/?post_type=product&#038;p=7184"},"modified":"2026-02-04T00:08:36","modified_gmt":"2026-02-03T23:08:36","slug":"gruppenkurs-erwachsene-2","status":"publish","type":"product","link":"https:\/\/skischule-kahlerasten.de\/nl\/product\/gruppenkurs-erwachsene-2\/","title":{"rendered":"Skicursus voor volwassenen (15 jaar en ouder) voor gevorderde ski\u00ebrs"},"content":{"rendered":"<p class=\"p1\">Als je ervaring hebt met blauwe pistes op ski&#039;s, dan zijn deze geavanceerde skicursussen precies wat je zoekt. Onze groepscursussen voor gevorderden vinden plaats in de skigebieden Winterberg of Altastenberg.<\/p>\n<p class=\"p1\">Deze skicursus is voor ski\u00ebrs met voorkennis - ervaring uit \u00e9\u00e9n skicursus is voldoende om in te schrijven!<\/p>","protected":false},"excerpt":{"rendered":"<p>Als je ervaring hebt met blauwe pistes op ski&#039;s, sneeuwploegen kunt maken met je eerste bochten en zelfstandig kunt stoppen op vlak terrein, dan zijn deze iets gevorderde skicursussen iets voor jou.<\/p>\n<p>Onze groepscursussen voor licht gevorderde volwassenen vinden plaats in de skigebieden Winterberg of Altastenberg.<\/p>\n<p>Deze skicursus is voor ski\u00ebrs met voorkennis - ervaring zoals hierboven beschreven moet voldoende zijn om in te schrijven!<\/p>","protected":false},"featured_media":7225,"template":"","meta":{"_acf_changed":false,"site-sidebar-layout":"no-sidebar","site-content-layout":"default","ast-site-content-layout":"default","site-content-style":"default","site-sidebar-style":"default","ast-global-header-display":"","ast-banner-title-visibility":"","ast-main-header-display":"","ast-hfb-above-header-display":"","ast-hfb-below-header-display":"","ast-hfb-mobile-header-display":"","site-post-title":"","ast-breadcrumbs-content":"","ast-featured-img":"","footer-sml-layout":"","ast-disable-related-posts":"","theme-transparent-header-meta":"default","adv-header-id-meta":"","stick-header-meta":"","header-above-stick-meta":"","header-main-stick-meta":"","header-below-stick-meta":"","astra-migrate-meta-layouts":"set","ast-page-background-enabled":"default","ast-page-background-meta":{"desktop":{"background-color":"var(--ast-global-color-4)","background-image":"","background-repeat":"repeat","background-position":"center center","background-size":"auto","background-attachment":"scroll","background-type":"","background-media":"","overlay-type":"","overlay-color":"","overlay-opacity":"","overlay-gradient":""},"tablet":{"background-color":"","background-image":"","background-repeat":"repeat","background-position":"center center","background-size":"auto","background-attachment":"scroll","background-type":"","background-media":"","overlay-type":"","overlay-color":"","overlay-opacity":"","overlay-gradient":""},"mobile":{"background-color":"","background-image":"","background-repeat":"repeat","background-position":"center center","background-size":"auto","background-attachment":"scroll","background-type":"","background-media":"","overlay-type":"","overlay-color":"","overlay-opacity":"","overlay-gradient":""}},"ast-content-background-meta":{"desktop":{"background-color":"var(--ast-global-color-5)","background-image":"","background-repeat":"repeat","background-position":"center center","background-size":"auto","background-attachment":"scroll","background-type":"","background-media":"","overlay-type":"","overlay-color":"","overlay-opacity":"","overlay-gradient":""},"tablet":{"background-color":"var(--ast-global-color-5)","background-image":"","background-repeat":"repeat","background-position":"center center","background-size":"auto","background-attachment":"scroll","background-type":"","background-media":"","overlay-type":"","overlay-color":"","overlay-opacity":"","overlay-gradient":""},"mobile":{"background-color":"var(--ast-global-color-5)","background-image":"","background-repeat":"repeat","background-position":"center center","background-size":"auto","background-attachment":"scroll","background-type":"","background-media":"","overlay-type":"","overlay-color":"","overlay-opacity":"","overlay-gradient":""}}},"altersgruppe":[],"dauer":[],"level":[104],"product_brand":[],"product_cat":[17],"product_tag":[],"class_list":{"0":"post-7184","1":"product","2":"type-product","3":"status-publish","4":"has-post-thumbnail","6":"level-level","7":"product_cat-gruppenkurs","8":"desktop-align-left","9":"tablet-align-left","10":"mobile-align-left","12":"first","13":"instock","14":"featured","15":"virtual","16":"taxable","17":"purchasable","18":"product-type-simple"},"acf":[],"jetpack_sharing_enabled":true,"_links":{"self":[{"href":"https:\/\/skischule-kahlerasten.de\/nl\/wp-json\/wp\/v2\/product\/7184","targetHints":{"allow":["GET"]}}],"collection":[{"href":"https:\/\/skischule-kahlerasten.de\/nl\/wp-json\/wp\/v2\/product"}],"about":[{"href":"https:\/\/skischule-kahlerasten.de\/nl\/wp-json\/wp\/v2\/types\/product"}],"wp:featuredmedia":[{"embeddable":true,"href":"https:\/\/skischule-kahlerasten.de\/nl\/wp-json\/wp\/v2\/media\/7225"}],"wp:attachment":[{"href":"https:\/\/skischule-kahlerasten.de\/nl\/wp-json\/wp\/v2\/media?parent=7184"}],"wp:term":[{"taxonomy":"altersgruppe","embeddable":true,"href":"https:\/\/skischule-kahlerasten.de\/nl\/wp-json\/wp\/v2\/altersgruppe?post=7184"},{"taxonomy":"dauer","embeddable":true,"href":"https:\/\/skischule-kahlerasten.de\/nl\/wp-json\/wp\/v2\/dauer?post=7184"},{"taxonomy":"level","embeddable":true,"href":"https:\/\/skischule-kahlerasten.de\/nl\/wp-json\/wp\/v2\/level?post=7184"},{"taxonomy":"product_brand","embeddable":true,"href":"https:\/\/skischule-kahlerasten.de\/nl\/wp-json\/wp\/v2\/product_brand?post=7184"},{"taxonomy":"product_cat","embeddable":true,"href":"https:\/\/skischule-kahlerasten.de\/nl\/wp-json\/wp\/v2\/product_cat?post=7184"},{"taxonomy":"product_tag","embeddable":true,"href":"https:\/\/skischule-kahlerasten.de\/nl\/wp-json\/wp\/v2\/product_tag?post=7184"}],"curies":[{"name":"wp","href":"https:\/\/api.w.org\/{rel}","templated":true}]}}