{"id":7187,"date":"2024-09-17T08:23:07","date_gmt":"2024-09-17T06:23:07","guid":{"rendered":"https:\/\/skischule-kahlerasten.de\/?post_type=product&#038;p=7187"},"modified":"2026-02-03T23:44:50","modified_gmt":"2026-02-03T22:44:50","slug":"gruppenkurs-kinder-ab-6-jahren-2","status":"publish","type":"product","link":"https:\/\/skischule-kahlerasten.de\/nl\/product\/gruppenkurs-kinder-ab-6-jahren-2\/","title":{"rendered":"Skicursus voor kinderen (5-14 jaar) voor gevorderde ski\u00ebrs \u2013 middag"},"content":{"rendered":"<h3>Wat staat je te wachten?<\/h3>\n<p>Bij ons\u00a0<b>Ski-parcours voor kinderen<\/b>\u00a0Uw kleintjes kunnen leren ski\u00ebn in een bijzonder beginnersvriendelijke omgeving. Onze skicursussen voor beginners vinden plaats in de\u00a0<b>gezinsvriendelijk skigebied Schlossberg<\/b>\u00a0In plaats daarvan (9 km van Winterberg). Daar vinden uw kinderen de perfecte omgeving om hun eerste bochten in de sneeuw te maken.<\/p>\n<p>Voor de kleintjes\u00a0<b>Vanaf 5 jaar<\/b>\u00a0We bieden skilessen aan op een oefenhelling waar je op een speelse manier de basistechnieken van het ski\u00ebn kunt leren. Met onze tweede\u00a0<b>nieuwe kinderruimte<\/b>\u00a0Aan de voet van de blauwe\/rode skipiste bieden we oudere of meer gevorderde kinderen de mogelijkheid om, stap voor stap, een stukje verder de helling op te klimmen.<\/p>\n<p>Het skigebied Schlossberg is een familiepark met een oppervlakte van circa 2000 vierkante meter, 2 kindergebieden en 4 pistes.,\u00a0<b>4 skiliften,\u00a0<\/b>een sneeuwkanon, een gezellige skihut en een foodtruck met lekker eten, een zonneterras, een speeltuin, een rodelbaan (met volop natuurlijke sneeuw), een<b>\u00a0Skiverhuur<\/b>\u00a0en een gratis parkeerplaats, genoeg om het hele gezin alle comfort en plezier in de sneeuw te bieden.<\/p>\n<p>Deze skicursussen voor kinderen zijn geschikt voor iedereen.,\u00a0<b>die geen of zeer weinig ski-ervaring hebben<\/b>!<\/p>","protected":false},"excerpt":{"rendered":"<p>Wenn du Erfahrungen mit blauen Pisten auf Skiern hast, mit ersten Schw\u00fcngen Schneepfl\u00fcge machen kannst und selbstst\u00e4ndig im flachen Gel\u00e4nde anhalten kannst, dann sind dieser Leicht fortgeschrittene Skikurse genau das Richtige. Unsere Leicht fortgeschrittene Gruppenkurse sind f\u00fcr Kinder ab 6 Jahre alt und finden in den Skigebieten Winterberg oder Altastenberg statt.<\/p>\n<p>Dieser Skikurs ist f\u00fcr Kinder ab 6 Jahre alt und mit Vorkenntnissen \u2013 Erfahrung wie oben beschrieben muss reichen, um sich anzumelden!<\/p>","protected":false},"featured_media":7226,"template":"","meta":{"_acf_changed":false,"site-sidebar-layout":"no-sidebar","site-content-layout":"default","ast-site-content-layout":"default","site-content-style":"default","site-sidebar-style":"default","ast-global-header-display":"","ast-banner-title-visibility":"","ast-main-header-display":"","ast-hfb-above-header-display":"","ast-hfb-below-header-display":"","ast-hfb-mobile-header-display":"","site-post-title":"","ast-breadcrumbs-content":"","ast-featured-img":"","footer-sml-layout":"","ast-disable-related-posts":"","theme-transparent-header-meta":"default","adv-header-id-meta":"","stick-header-meta":"","header-above-stick-meta":"","header-main-stick-meta":"","header-below-stick-meta":"","astra-migrate-meta-layouts":"set","ast-page-background-enabled":"default","ast-page-background-meta":{"desktop":{"background-color":"var(--ast-global-color-4)","background-image":"","background-repeat":"repeat","background-position":"center center","background-size":"auto","background-attachment":"scroll","background-type":"","background-media":"","overlay-type":"","overlay-color":"","overlay-opacity":"","overlay-gradient":""},"tablet":{"background-color":"","background-image":"","background-repeat":"repeat","background-position":"center center","background-size":"auto","background-attachment":"scroll","background-type":"","background-media":"","overlay-type":"","overlay-color":"","overlay-opacity":"","overlay-gradient":""},"mobile":{"background-color":"","background-image":"","background-repeat":"repeat","background-position":"center center","background-size":"auto","background-attachment":"scroll","background-type":"","background-media":"","overlay-type":"","overlay-color":"","overlay-opacity":"","overlay-gradient":""}},"ast-content-background-meta":{"desktop":{"background-color":"var(--ast-global-color-5)","background-image":"","background-repeat":"repeat","background-position":"center center","background-size":"auto","background-attachment":"scroll","background-type":"","background-media":"","overlay-type":"","overlay-color":"","overlay-opacity":"","overlay-gradient":""},"tablet":{"background-color":"var(--ast-global-color-5)","background-image":"","background-repeat":"repeat","background-position":"center center","background-size":"auto","background-attachment":"scroll","background-type":"","background-media":"","overlay-type":"","overlay-color":"","overlay-opacity":"","overlay-gradient":""},"mobile":{"background-color":"var(--ast-global-color-5)","background-image":"","background-repeat":"repeat","background-position":"center center","background-size":"auto","background-attachment":"scroll","background-type":"","background-media":"","overlay-type":"","overlay-color":"","overlay-opacity":"","overlay-gradient":""}}},"altersgruppe":[],"dauer":[],"level":[104],"product_brand":[],"product_cat":[17],"product_tag":[],"class_list":{"0":"post-7187","1":"product","2":"type-product","3":"status-publish","4":"has-post-thumbnail","6":"level-level","7":"product_cat-gruppenkurs","8":"desktop-align-left","9":"tablet-align-left","10":"mobile-align-left","12":"first","13":"instock","14":"featured","15":"virtual","16":"taxable","17":"purchasable","18":"product-type-simple"},"acf":[],"jetpack_sharing_enabled":true,"_links":{"self":[{"href":"https:\/\/skischule-kahlerasten.de\/nl\/wp-json\/wp\/v2\/product\/7187","targetHints":{"allow":["GET"]}}],"collection":[{"href":"https:\/\/skischule-kahlerasten.de\/nl\/wp-json\/wp\/v2\/product"}],"about":[{"href":"https:\/\/skischule-kahlerasten.de\/nl\/wp-json\/wp\/v2\/types\/product"}],"wp:featuredmedia":[{"embeddable":true,"href":"https:\/\/skischule-kahlerasten.de\/nl\/wp-json\/wp\/v2\/media\/7226"}],"wp:attachment":[{"href":"https:\/\/skischule-kahlerasten.de\/nl\/wp-json\/wp\/v2\/media?parent=7187"}],"wp:term":[{"taxonomy":"altersgruppe","embeddable":true,"href":"https:\/\/skischule-kahlerasten.de\/nl\/wp-json\/wp\/v2\/altersgruppe?post=7187"},{"taxonomy":"dauer","embeddable":true,"href":"https:\/\/skischule-kahlerasten.de\/nl\/wp-json\/wp\/v2\/dauer?post=7187"},{"taxonomy":"level","embeddable":true,"href":"https:\/\/skischule-kahlerasten.de\/nl\/wp-json\/wp\/v2\/level?post=7187"},{"taxonomy":"product_brand","embeddable":true,"href":"https:\/\/skischule-kahlerasten.de\/nl\/wp-json\/wp\/v2\/product_brand?post=7187"},{"taxonomy":"product_cat","embeddable":true,"href":"https:\/\/skischule-kahlerasten.de\/nl\/wp-json\/wp\/v2\/product_cat?post=7187"},{"taxonomy":"product_tag","embeddable":true,"href":"https:\/\/skischule-kahlerasten.de\/nl\/wp-json\/wp\/v2\/product_tag?post=7187"}],"curies":[{"name":"wp","href":"https:\/\/api.w.org\/{rel}","templated":true}]}}