{"id":7192,"date":"2024-09-17T08:23:34","date_gmt":"2024-09-17T06:23:34","guid":{"rendered":"https:\/\/skischule-kahlerasten.de\/?post_type=product&#038;p=7192"},"modified":"2026-02-03T23:38:35","modified_gmt":"2026-02-03T22:38:35","slug":"gruppenkurs-kinder-ab-6-jahren-4","status":"publish","type":"product","link":"https:\/\/skischule-kahlerasten.de\/nl\/product\/gruppenkurs-kinder-ab-6-jahren-4\/","title":{"rendered":"Skicursus voor kinderen (5-14 jaar) voor gevorderde ski\u00ebrs"},"content":{"rendered":"<h3>Wat staat je te wachten?<\/h3>\n<p>Als uw kinderen al ervaring hebben met ski\u00ebn op blauwe pistes, al hun eerste bochten (ploegbochten) maken en zelfstandig kunnen stoppen op vlak terrein, dan zijn deze kinderskicursussen perfect voor hen.\u00a0<b>Groepscursussen voor gevorderde kinderen en tieners<\/b>\u00a0te vinden in de skigebieden\u00a0<b>Winterberg<\/b>\u00a0in plaats van.<\/p>\n<p>Onze ervaren ski-instructeurs geven les volgens de\u00a0<b>Lesmethoden van de DSV en DSLV<\/b>\u00a0Ze pakken het met plezier en motivatie aan. Leren ski\u00ebn is daarom bijzonder makkelijk in onze kinderskicursus en uw kinderen zullen snel de moderne skitechnieken onder de knie krijgen. Dit maakt ski\u00ebn in skigebied Winterberg echt plezierig.<\/p>\n<p>Deze skicursus voor kinderen is geschikt voor kinderen vanaf 5 jaar.\u00a0<b>met voorkennis<\/b>\u00a0\u2013 Ervaring uit een skicursus is voldoende om je in te schrijven!<\/p>","protected":false},"excerpt":{"rendered":"<p class=\"p1\">Wenn du Erfahrungen mit blauen Pisten auf Skiern habt, mit ersten Schw\u00fcngen Schneepfl\u00fcge machen und selbstst\u00e4ndig im flachen Gel\u00e4nde anhalten k\u00f6nnen, dann sind diese Leicht Fortgeschrittene skikurse genau das Richtige. Unsere Gruppenkurse f\u00fcr Leicht Fortgeschrittene Kinder finden in den Skigebieten Winterberg oder Altastenberg statt.<\/p>\n<p class=\"p1\">Deze skicursus is voor ski\u00ebrs met voorkennis - ervaring uit \u00e9\u00e9n skicursus is voldoende om in te schrijven!<\/p>","protected":false},"featured_media":7226,"template":"","meta":{"_acf_changed":false,"site-sidebar-layout":"no-sidebar","site-content-layout":"default","ast-site-content-layout":"default","site-content-style":"default","site-sidebar-style":"default","ast-global-header-display":"","ast-banner-title-visibility":"","ast-main-header-display":"","ast-hfb-above-header-display":"","ast-hfb-below-header-display":"","ast-hfb-mobile-header-display":"","site-post-title":"","ast-breadcrumbs-content":"","ast-featured-img":"","footer-sml-layout":"","ast-disable-related-posts":"","theme-transparent-header-meta":"default","adv-header-id-meta":"","stick-header-meta":"","header-above-stick-meta":"","header-main-stick-meta":"","header-below-stick-meta":"","astra-migrate-meta-layouts":"set","ast-page-background-enabled":"default","ast-page-background-meta":{"desktop":{"background-color":"var(--ast-global-color-4)","background-image":"","background-repeat":"repeat","background-position":"center center","background-size":"auto","background-attachment":"scroll","background-type":"","background-media":"","overlay-type":"","overlay-color":"","overlay-opacity":"","overlay-gradient":""},"tablet":{"background-color":"","background-image":"","background-repeat":"repeat","background-position":"center center","background-size":"auto","background-attachment":"scroll","background-type":"","background-media":"","overlay-type":"","overlay-color":"","overlay-opacity":"","overlay-gradient":""},"mobile":{"background-color":"","background-image":"","background-repeat":"repeat","background-position":"center center","background-size":"auto","background-attachment":"scroll","background-type":"","background-media":"","overlay-type":"","overlay-color":"","overlay-opacity":"","overlay-gradient":""}},"ast-content-background-meta":{"desktop":{"background-color":"var(--ast-global-color-5)","background-image":"","background-repeat":"repeat","background-position":"center center","background-size":"auto","background-attachment":"scroll","background-type":"","background-media":"","overlay-type":"","overlay-color":"","overlay-opacity":"","overlay-gradient":""},"tablet":{"background-color":"var(--ast-global-color-5)","background-image":"","background-repeat":"repeat","background-position":"center center","background-size":"auto","background-attachment":"scroll","background-type":"","background-media":"","overlay-type":"","overlay-color":"","overlay-opacity":"","overlay-gradient":""},"mobile":{"background-color":"var(--ast-global-color-5)","background-image":"","background-repeat":"repeat","background-position":"center center","background-size":"auto","background-attachment":"scroll","background-type":"","background-media":"","overlay-type":"","overlay-color":"","overlay-opacity":"","overlay-gradient":""}}},"altersgruppe":[],"dauer":[],"level":[104],"product_brand":[],"product_cat":[17],"product_tag":[],"class_list":{"0":"post-7192","1":"product","2":"type-product","3":"status-publish","4":"has-post-thumbnail","6":"level-level","7":"product_cat-gruppenkurs","8":"desktop-align-left","9":"tablet-align-left","10":"mobile-align-left","12":"first","13":"instock","14":"featured","15":"taxable","16":"shipping-taxable","17":"purchasable","18":"product-type-simple"},"acf":[],"jetpack_sharing_enabled":true,"_links":{"self":[{"href":"https:\/\/skischule-kahlerasten.de\/nl\/wp-json\/wp\/v2\/product\/7192","targetHints":{"allow":["GET"]}}],"collection":[{"href":"https:\/\/skischule-kahlerasten.de\/nl\/wp-json\/wp\/v2\/product"}],"about":[{"href":"https:\/\/skischule-kahlerasten.de\/nl\/wp-json\/wp\/v2\/types\/product"}],"wp:featuredmedia":[{"embeddable":true,"href":"https:\/\/skischule-kahlerasten.de\/nl\/wp-json\/wp\/v2\/media\/7226"}],"wp:attachment":[{"href":"https:\/\/skischule-kahlerasten.de\/nl\/wp-json\/wp\/v2\/media?parent=7192"}],"wp:term":[{"taxonomy":"altersgruppe","embeddable":true,"href":"https:\/\/skischule-kahlerasten.de\/nl\/wp-json\/wp\/v2\/altersgruppe?post=7192"},{"taxonomy":"dauer","embeddable":true,"href":"https:\/\/skischule-kahlerasten.de\/nl\/wp-json\/wp\/v2\/dauer?post=7192"},{"taxonomy":"level","embeddable":true,"href":"https:\/\/skischule-kahlerasten.de\/nl\/wp-json\/wp\/v2\/level?post=7192"},{"taxonomy":"product_brand","embeddable":true,"href":"https:\/\/skischule-kahlerasten.de\/nl\/wp-json\/wp\/v2\/product_brand?post=7192"},{"taxonomy":"product_cat","embeddable":true,"href":"https:\/\/skischule-kahlerasten.de\/nl\/wp-json\/wp\/v2\/product_cat?post=7192"},{"taxonomy":"product_tag","embeddable":true,"href":"https:\/\/skischule-kahlerasten.de\/nl\/wp-json\/wp\/v2\/product_tag?post=7192"}],"curies":[{"name":"wp","href":"https:\/\/api.w.org\/{rel}","templated":true}]}}